{"id":6189,"date":"2021-03-31T16:23:46","date_gmt":"2021-03-31T13:23:46","guid":{"rendered":"https:\/\/timberwise.fi\/?post_type=product&#038;p=6189"},"modified":"2026-02-11T13:19:37","modified_gmt":"2026-02-11T11:19:37","slug":"savyttamaton-saarni-punos-ja-ruutu","status":"publish","type":"product","link":"https:\/\/timberwise.fi\/en\/product\/savyttamaton-saarni-punos-ja-ruutu\/","title":{"rendered":"S\u00e4vytt\u00e4m\u00e4t\u00f6n, Saarni &#8211; Punos ja Ruutu"},"content":{"rendered":"","protected":false},"excerpt":{"rendered":"","protected":false},"featured_media":0,"template":"","meta":{"_acf_changed":false,"footnotes":""},"product_brand":[],"product_cat":[138,139,136,143],"product_tag":[],"class_list":{"0":"post-6189","1":"product","2":"type-product","3":"status-publish","5":"product_cat-category","6":"product_cat-classics","7":"product_cat-wood-species","8":"product_cat-ash","9":"pa_product-type-design-floor","11":"first","12":"instock","13":"product-type-simple"},"acf":{"product_price":null,"show_product_options_card":true,"product_texture_image":"","show_design_from_finland_logo":false,"featured_image_position":{"vertical_position":50,"horizontal_position":50,"overlay_strength":1},"downloadable_materials":false},"_links":{"self":[{"href":"https:\/\/timberwise.fi\/en\/wp-json\/wp\/v2\/product\/6189","targetHints":{"allow":["GET"]}}],"collection":[{"href":"https:\/\/timberwise.fi\/en\/wp-json\/wp\/v2\/product"}],"about":[{"href":"https:\/\/timberwise.fi\/en\/wp-json\/wp\/v2\/types\/product"}],"version-history":[{"count":1,"href":"https:\/\/timberwise.fi\/en\/wp-json\/wp\/v2\/product\/6189\/revisions"}],"predecessor-version":[{"id":61132,"href":"https:\/\/timberwise.fi\/en\/wp-json\/wp\/v2\/product\/6189\/revisions\/61132"}],"wp:attachment":[{"href":"https:\/\/timberwise.fi\/en\/wp-json\/wp\/v2\/media?parent=6189"}],"wp:term":[{"taxonomy":"product_brand","embeddable":true,"href":"https:\/\/timberwise.fi\/en\/wp-json\/wp\/v2\/product_brand?post=6189"},{"taxonomy":"product_cat","embeddable":true,"href":"https:\/\/timberwise.fi\/en\/wp-json\/wp\/v2\/product_cat?post=6189"},{"taxonomy":"product_tag","embeddable":true,"href":"https:\/\/timberwise.fi\/en\/wp-json\/wp\/v2\/product_tag?post=6189"}],"curies":[{"name":"wp","href":"https:\/\/api.w.org\/{rel}","templated":true}]}}