{"id":6175,"date":"2021-03-31T16:03:03","date_gmt":"2021-03-31T13:03:03","guid":{"rendered":"https:\/\/timberwise.fi\/?post_type=product&#038;p=6175"},"modified":"2021-03-31T16:05:04","modified_gmt":"2021-03-31T13:05:04","slug":"savyttamaton-tammi-punos-ja-ruutu","status":"publish","type":"product","link":"https:\/\/timberwise.fi\/en\/product\/savyttamaton-tammi-punos-ja-ruutu\/","title":{"rendered":"S\u00e4vytt\u00e4m\u00e4t\u00f6n, Tammi &#8211; Punos ja Ruutu"},"content":{"rendered":"","protected":false},"excerpt":{"rendered":"","protected":false},"featured_media":0,"template":"","meta":{"_acf_changed":false,"footnotes":""},"product_brand":[],"product_cat":[128,130,129,135],"product_tag":[],"class_list":{"0":"post-6175","1":"product","2":"type-product","3":"status-publish","5":"product_cat-kategoria","6":"product_cat-klassiset","7":"product_cat-puulaji","8":"product_cat-tammi","9":"pa_product-type-lankkuparketit","11":"first","12":"instock","13":"product-type-simple"},"acf":{"product_price":"","show_product_options_card":true,"product_texture_image":1917,"show_design_from_finland_logo":false,"featured_image_position":{"vertical_position":50,"horizontal_position":50,"overlay_strength":1},"downloadable_materials":false},"_links":{"self":[{"href":"https:\/\/timberwise.fi\/en\/wp-json\/wp\/v2\/product\/6175","targetHints":{"allow":["GET"]}}],"collection":[{"href":"https:\/\/timberwise.fi\/en\/wp-json\/wp\/v2\/product"}],"about":[{"href":"https:\/\/timberwise.fi\/en\/wp-json\/wp\/v2\/types\/product"}],"version-history":[{"count":0,"href":"https:\/\/timberwise.fi\/en\/wp-json\/wp\/v2\/product\/6175\/revisions"}],"wp:attachment":[{"href":"https:\/\/timberwise.fi\/en\/wp-json\/wp\/v2\/media?parent=6175"}],"wp:term":[{"taxonomy":"product_brand","embeddable":true,"href":"https:\/\/timberwise.fi\/en\/wp-json\/wp\/v2\/product_brand?post=6175"},{"taxonomy":"product_cat","embeddable":true,"href":"https:\/\/timberwise.fi\/en\/wp-json\/wp\/v2\/product_cat?post=6175"},{"taxonomy":"product_tag","embeddable":true,"href":"https:\/\/timberwise.fi\/en\/wp-json\/wp\/v2\/product_tag?post=6175"}],"curies":[{"name":"wp","href":"https:\/\/api.w.org\/{rel}","templated":true}]}}