{"id":58482,"date":"2025-07-24T13:15:41","date_gmt":"2025-07-24T10:15:41","guid":{"rendered":"https:\/\/timberwise.fi\/?post_type=product&#038;p=58482"},"modified":"2026-02-11T17:59:52","modified_gmt":"2026-02-11T15:59:52","slug":"double-white","status":"publish","type":"product","link":"https:\/\/timberwise.fi\/en\/product\/double-white\/","title":{"rendered":"Double White"},"content":{"rendered":"<p>Double White on Cotton s\u00e4vy\u00e4 valkeampi ja s\u00e4vylt\u00e4\u00e4n hieman peitt\u00e4v\u00e4mpi k\u00e4sittely, jossa harjaus on suuressa roolissa. S\u00e4vy tuo mieleen perinteiset, valkeat havupuulattiat ja sopii moneen sisustustyyliin.<\/p>\n","protected":false},"excerpt":{"rendered":"<p>Double White on Cotton s\u00e4vy\u00e4 valkeampi ja s\u00e4vylt\u00e4\u00e4n hieman peitt\u00e4v\u00e4mpi k\u00e4sittely, jossa harjaus on suuressa roolissa. S\u00e4vy tuo mieleen perinteiset, valkeat havupuulattiat ja sopii moneen sisustustyyliin.<\/p>\n","protected":false},"featured_media":41207,"template":"","meta":{"_acf_changed":false,"footnotes":""},"product_brand":[],"product_cat":[127],"product_tag":[],"class_list":{"0":"post-58482","1":"product","2":"type-product","3":"status-publish","4":"has-post-thumbnail","6":"product_cat-tuoteryhma","7":"pa_product-type-lankkuparketit","9":"first","10":"instock","11":"product-type-grouped"},"acf":{"product_price":null,"show_product_options_card":true,"product_texture_image":41212,"show_design_from_finland_logo":false,"featured_image_position":{"vertical_position":100,"horizontal_position":50,"overlay_strength":1},"downloadable_materials":[{"field_606b7f3c2d557":"Tuotekortti douglas Double White","field_606b7f572d558":58327},{"field_606b7f3c2d557":"Lajitelmaopas","field_606b7f572d558":53846}]},"_links":{"self":[{"href":"https:\/\/timberwise.fi\/en\/wp-json\/wp\/v2\/product\/58482","targetHints":{"allow":["GET"]}}],"collection":[{"href":"https:\/\/timberwise.fi\/en\/wp-json\/wp\/v2\/product"}],"about":[{"href":"https:\/\/timberwise.fi\/en\/wp-json\/wp\/v2\/types\/product"}],"version-history":[{"count":3,"href":"https:\/\/timberwise.fi\/en\/wp-json\/wp\/v2\/product\/58482\/revisions"}],"predecessor-version":[{"id":61236,"href":"https:\/\/timberwise.fi\/en\/wp-json\/wp\/v2\/product\/58482\/revisions\/61236"}],"wp:featuredmedia":[{"embeddable":true,"href":"https:\/\/timberwise.fi\/en\/wp-json\/wp\/v2\/media\/41207"}],"wp:attachment":[{"href":"https:\/\/timberwise.fi\/en\/wp-json\/wp\/v2\/media?parent=58482"}],"wp:term":[{"taxonomy":"product_brand","embeddable":true,"href":"https:\/\/timberwise.fi\/en\/wp-json\/wp\/v2\/product_brand?post=58482"},{"taxonomy":"product_cat","embeddable":true,"href":"https:\/\/timberwise.fi\/en\/wp-json\/wp\/v2\/product_cat?post=58482"},{"taxonomy":"product_tag","embeddable":true,"href":"https:\/\/timberwise.fi\/en\/wp-json\/wp\/v2\/product_tag?post=58482"}],"curies":[{"name":"wp","href":"https:\/\/api.w.org\/{rel}","templated":true}]}}