{"id":56226,"date":"2025-05-08T21:48:28","date_gmt":"2025-05-08T18:48:28","guid":{"rendered":"https:\/\/timberwise.fi\/?post_type=product&#038;p=56226"},"modified":"2025-07-24T11:02:08","modified_gmt":"2025-07-24T08:02:08","slug":"mocca","status":"publish","type":"product","link":"https:\/\/timberwise.fi\/en\/product\/mocca\/","title":{"rendered":"Mocca"},"content":{"rendered":"<p><span data-offset-key=\"2osh4-0-0\">Oak Mocca is the new brown in the collection: a slightly cool-leaning chocolaty shade that brings calmness and structure to space.<\/span><\/p>\n","protected":false},"excerpt":{"rendered":"<p>Kaikki puulajit voivat reagoida liian kuivaan sis\u00e4ilmaan. Mik\u00e4li sis\u00e4ilman suhteellinen kosteus laskee alle suositellun 35 &#8211; 60% Rh (Relative humidity), voi lattiaan tulla halkeamia. Muista siis seurata sis\u00e4ilman kosteutta varsinkin kuivina kausina, kuten mm. talvella, ja tarvittaessa lis\u00e4t\u00e4 kosteutta esim. ilmankostuttimella. Puulle optimaalinen, 35 &#8211; 60% Rh (Relative humidity) on my\u00f6s ihmiselle optimaalisin sis\u00e4ilmankosteus.<\/p>\n","protected":false},"featured_media":56080,"template":"","meta":{"_acf_changed":false,"footnotes":""},"product_brand":[],"product_cat":[137],"product_tag":[],"class_list":{"0":"post-56226","1":"product","2":"type-product","3":"status-publish","4":"has-post-thumbnail","6":"product_cat-product-group","7":"pa_product-type-wooden-floors","9":"first","10":"instock","11":"product-type-grouped"},"acf":{"product_price":null,"show_product_options_card":true,"product_texture_image":56031,"show_design_from_finland_logo":false,"featured_image_position":{"vertical_position":100,"horizontal_position":50,"overlay_strength":1},"downloadable_materials":[{"field_606b7f3c2d557":"Product card oak Mocca","field_606b7f572d558":56530},{"field_606b7f3c2d557":"Grade guide","field_606b7f572d558":53859}]},"_links":{"self":[{"href":"https:\/\/timberwise.fi\/en\/wp-json\/wp\/v2\/product\/56226","targetHints":{"allow":["GET"]}}],"collection":[{"href":"https:\/\/timberwise.fi\/en\/wp-json\/wp\/v2\/product"}],"about":[{"href":"https:\/\/timberwise.fi\/en\/wp-json\/wp\/v2\/types\/product"}],"version-history":[{"count":6,"href":"https:\/\/timberwise.fi\/en\/wp-json\/wp\/v2\/product\/56226\/revisions"}],"predecessor-version":[{"id":58448,"href":"https:\/\/timberwise.fi\/en\/wp-json\/wp\/v2\/product\/56226\/revisions\/58448"}],"wp:featuredmedia":[{"embeddable":true,"href":"https:\/\/timberwise.fi\/en\/wp-json\/wp\/v2\/media\/56080"}],"wp:attachment":[{"href":"https:\/\/timberwise.fi\/en\/wp-json\/wp\/v2\/media?parent=56226"}],"wp:term":[{"taxonomy":"product_brand","embeddable":true,"href":"https:\/\/timberwise.fi\/en\/wp-json\/wp\/v2\/product_brand?post=56226"},{"taxonomy":"product_cat","embeddable":true,"href":"https:\/\/timberwise.fi\/en\/wp-json\/wp\/v2\/product_cat?post=56226"},{"taxonomy":"product_tag","embeddable":true,"href":"https:\/\/timberwise.fi\/en\/wp-json\/wp\/v2\/product_tag?post=56226"}],"curies":[{"name":"wp","href":"https:\/\/api.w.org\/{rel}","templated":true}]}}