{"id":36294,"date":"2021-03-17T02:16:57","date_gmt":"2021-03-17T00:16:57","guid":{"rendered":"https:\/\/timberwise.fi\/tuote\/hoitosetti\/"},"modified":"2024-09-27T13:27:21","modified_gmt":"2024-09-27T10:27:21","slug":"care-kit","status":"publish","type":"product","link":"https:\/\/timberwise.fi\/en\/product\/care-kit\/","title":{"rendered":"Care kit"},"content":{"rendered":"<p id=\"tw-target-text\" class=\"tw-data-text tw-text-large tw-ta\" dir=\"ltr\" data-placeholder=\"K\u00e4\u00e4nn\u00f6s\" data-ved=\"2ahUKEwib5rjL8-KIAxXVCBAIHclVAI4Q3ewLegQICBAU\" aria-label=\"K\u00e4\u00e4nnetty teksti: You can also order a separate care set for oil-waxed floors, which contains a repair oil according to the tone of your floor, a clear surface oil, a detergent recommended for oil-waxed floors, and a care wax.\"><span class=\"Y2IQFc\" lang=\"en\">You can order a separate care kit for wax oiled floors, which contains a repair oil according to the tone of your floor, a clear surface oil, a detergent recommended for oil-waxed floors, and a care wax.<\/span><\/p>\n","protected":false},"excerpt":{"rendered":"<p>You can order a separate care kit for wax oiled floors, which contains a repair oil according to the tone of your floor, a clear surface oil, a detergent recommended for oil-waxed floors, and a care wax.<\/p>\n","protected":false},"featured_media":50079,"template":"","meta":{"_acf_changed":false,"footnotes":""},"product_brand":[],"product_cat":[137],"product_tag":[],"class_list":{"0":"post-36294","1":"product","2":"type-product","3":"status-publish","4":"has-post-thumbnail","6":"product_cat-product-group","7":"pa_product-type-accessories","9":"first","10":"instock","11":"product-type-grouped"},"acf":{"product_price":null,"show_product_options_card":false,"product_texture_image":null,"show_design_from_finland_logo":false,"featured_image_position":{"vertical_position":63,"horizontal_position":50,"overlay_strength":1},"downloadable_materials":false},"_links":{"self":[{"href":"https:\/\/timberwise.fi\/en\/wp-json\/wp\/v2\/product\/36294","targetHints":{"allow":["GET"]}}],"collection":[{"href":"https:\/\/timberwise.fi\/en\/wp-json\/wp\/v2\/product"}],"about":[{"href":"https:\/\/timberwise.fi\/en\/wp-json\/wp\/v2\/types\/product"}],"version-history":[{"count":2,"href":"https:\/\/timberwise.fi\/en\/wp-json\/wp\/v2\/product\/36294\/revisions"}],"predecessor-version":[{"id":36296,"href":"https:\/\/timberwise.fi\/en\/wp-json\/wp\/v2\/product\/36294\/revisions\/36296"}],"wp:featuredmedia":[{"embeddable":true,"href":"https:\/\/timberwise.fi\/en\/wp-json\/wp\/v2\/media\/50079"}],"wp:attachment":[{"href":"https:\/\/timberwise.fi\/en\/wp-json\/wp\/v2\/media?parent=36294"}],"wp:term":[{"taxonomy":"product_brand","embeddable":true,"href":"https:\/\/timberwise.fi\/en\/wp-json\/wp\/v2\/product_brand?post=36294"},{"taxonomy":"product_cat","embeddable":true,"href":"https:\/\/timberwise.fi\/en\/wp-json\/wp\/v2\/product_cat?post=36294"},{"taxonomy":"product_tag","embeddable":true,"href":"https:\/\/timberwise.fi\/en\/wp-json\/wp\/v2\/product_tag?post=36294"}],"curies":[{"name":"wp","href":"https:\/\/api.w.org\/{rel}","templated":true}]}}