{"id":36233,"date":"2021-03-17T02:16:32","date_gmt":"2021-03-17T00:16:32","guid":{"rendered":"https:\/\/timberwise.fi\/tuote\/nordic-lehtikuusi\/"},"modified":"2021-07-21T09:23:49","modified_gmt":"2021-07-21T06:23:49","slug":"nordic-larch","status":"publish","type":"product","link":"https:\/\/timberwise.fi\/en\/product\/nordic-larch\/","title":{"rendered":"Nordic, Larch"},"content":{"rendered":"","protected":false},"excerpt":{"rendered":"<p>Nordic s\u00e4vy lehtikuuselle vaalentaa kevyesti lehtikuusen yleisilmett\u00e4, p\u00e4\u00e4st\u00e4en lehtikuusen syykuvion ja luonnollisen s\u00e4vyvaihtelun kauniisti esiin.<\/p>\n<p>Lehtikuusi puumateriaalina reagoi herkimmin kuivaan sis\u00e4ilmaan, joten muistathan tarkkailla sis\u00e4ilman suhteellista kosteutta varsinkin kuivana kautena. Lehtikuuselle optimaalinen sis\u00e4ilman kosteus on 40 &#8211; 60% Rh (Relative humidity). Mik\u00e4li kosteusprosentti laskee alle suositellun, voi lattian pintaan tulla hiushalkeamia tai halkeamia.<\/p>\n","protected":false},"featured_media":35118,"template":"","meta":{"_acf_changed":false,"footnotes":""},"product_brand":[],"product_cat":[138,142,140,136],"product_tag":[],"class_list":{"0":"post-36233","1":"product","2":"type-product","3":"status-publish","4":"has-post-thumbnail","6":"product_cat-category","7":"product_cat-larch","8":"product_cat-toned","9":"product_cat-wood-species","10":"pa_product-type-wooden-floors","12":"first","13":"instock","14":"product-type-simple"},"acf":{"product_price":null,"show_product_options_card":true,"product_texture_image":null,"show_design_from_finland_logo":false,"featured_image_position":{"vertical_position":95,"horizontal_position":50,"overlay_strength":1},"downloadable_materials":false},"_links":{"self":[{"href":"https:\/\/timberwise.fi\/en\/wp-json\/wp\/v2\/product\/36233","targetHints":{"allow":["GET"]}}],"collection":[{"href":"https:\/\/timberwise.fi\/en\/wp-json\/wp\/v2\/product"}],"about":[{"href":"https:\/\/timberwise.fi\/en\/wp-json\/wp\/v2\/types\/product"}],"version-history":[{"count":0,"href":"https:\/\/timberwise.fi\/en\/wp-json\/wp\/v2\/product\/36233\/revisions"}],"wp:featuredmedia":[{"embeddable":true,"href":"https:\/\/timberwise.fi\/en\/wp-json\/wp\/v2\/media\/35118"}],"wp:attachment":[{"href":"https:\/\/timberwise.fi\/en\/wp-json\/wp\/v2\/media?parent=36233"}],"wp:term":[{"taxonomy":"product_brand","embeddable":true,"href":"https:\/\/timberwise.fi\/en\/wp-json\/wp\/v2\/product_brand?post=36233"},{"taxonomy":"product_cat","embeddable":true,"href":"https:\/\/timberwise.fi\/en\/wp-json\/wp\/v2\/product_cat?post=36233"},{"taxonomy":"product_tag","embeddable":true,"href":"https:\/\/timberwise.fi\/en\/wp-json\/wp\/v2\/product_tag?post=36233"}],"curies":[{"name":"wp","href":"https:\/\/api.w.org\/{rel}","templated":true}]}}