{"id":36231,"date":"2021-03-17T02:16:08","date_gmt":"2021-03-17T00:16:08","guid":{"rendered":"https:\/\/timberwise.fi\/tuote\/nordic-tammi\/"},"modified":"2021-11-17T12:45:52","modified_gmt":"2021-11-17T10:45:52","slug":"nordic-oak","status":"publish","type":"product","link":"https:\/\/timberwise.fi\/en\/product\/nordic-oak\/","title":{"rendered":"Nordic, Oak"},"content":{"rendered":"","protected":false},"excerpt":{"rendered":"<p>Tammi Nordic on yleisilmeelt\u00e4\u00e4n kaunis, vaalea ja hyvin luonnollisen s\u00e4vyinen lattia ja yksi suosituimmista s\u00e4vyist\u00e4mme. Tammi Nordic muistuttaa vastah\u00f6yl\u00e4tyn tammen vaaleaa s\u00e4vy\u00e4, sill\u00e4 pintak\u00e4sittelyss\u00e4 on ripaus valkeaa, mink\u00e4 ansiosta lattia s\u00e4ilytt\u00e4\u00e4 vaaleamman ilmeen pidemp\u00e4\u00e4n. Kuten kaikki puulajit, niin my\u00f6s tammi voi reagoida liian kuivaan sis\u00e4ilmaan. Mik\u00e4li sis\u00e4ilman suhteellinen kosteus laskee alle suositellun 35 &#8211; 60% Rh (Relative humidity), voi lattiaan tulla halkeamia. Muista siis seurata sis\u00e4ilman kosteutta varsinkin kuivina kausina, ja tarvittaessa lis\u00e4t\u00e4 kosteutta esim. ilmankostuttimella.<\/p>\n","protected":false},"featured_media":34584,"template":"","meta":{"_acf_changed":false,"footnotes":""},"product_brand":[],"product_cat":[138,144,140,136],"product_tag":[],"class_list":{"0":"post-36231","1":"product","2":"type-product","3":"status-publish","4":"has-post-thumbnail","6":"product_cat-category","7":"product_cat-oak","8":"product_cat-toned","9":"product_cat-wood-species","10":"pa_product-type-wooden-floors","12":"first","13":"instock","14":"product-type-simple"},"acf":{"product_price":null,"show_product_options_card":true,"product_texture_image":null,"show_design_from_finland_logo":false,"featured_image_position":{"vertical_position":100,"horizontal_position":50,"overlay_strength":1},"downloadable_materials":false},"_links":{"self":[{"href":"https:\/\/timberwise.fi\/en\/wp-json\/wp\/v2\/product\/36231","targetHints":{"allow":["GET"]}}],"collection":[{"href":"https:\/\/timberwise.fi\/en\/wp-json\/wp\/v2\/product"}],"about":[{"href":"https:\/\/timberwise.fi\/en\/wp-json\/wp\/v2\/types\/product"}],"version-history":[{"count":0,"href":"https:\/\/timberwise.fi\/en\/wp-json\/wp\/v2\/product\/36231\/revisions"}],"wp:featuredmedia":[{"embeddable":true,"href":"https:\/\/timberwise.fi\/en\/wp-json\/wp\/v2\/media\/34584"}],"wp:attachment":[{"href":"https:\/\/timberwise.fi\/en\/wp-json\/wp\/v2\/media?parent=36231"}],"wp:term":[{"taxonomy":"product_brand","embeddable":true,"href":"https:\/\/timberwise.fi\/en\/wp-json\/wp\/v2\/product_brand?post=36231"},{"taxonomy":"product_cat","embeddable":true,"href":"https:\/\/timberwise.fi\/en\/wp-json\/wp\/v2\/product_cat?post=36231"},{"taxonomy":"product_tag","embeddable":true,"href":"https:\/\/timberwise.fi\/en\/wp-json\/wp\/v2\/product_tag?post=36231"}],"curies":[{"name":"wp","href":"https:\/\/api.w.org\/{rel}","templated":true}]}}