{"id":36229,"date":"2021-03-17T02:16:01","date_gmt":"2021-03-17T00:16:01","guid":{"rendered":"https:\/\/timberwise.fi\/tuote\/nordic\/"},"modified":"2025-07-24T11:04:00","modified_gmt":"2025-07-24T08:04:00","slug":"nordic","status":"publish","type":"product","link":"https:\/\/timberwise.fi\/en\/product\/nordic\/","title":{"rendered":"Nordic"},"content":{"rendered":"<p>A brushed and wax oiled parquet with a harmonic and fairly light tone. A long-term investment that stands the test of time and goes with many interior decoration styles.<\/p>\n","protected":false},"excerpt":{"rendered":"<p>Tammi Nordic on yleisilmeelt\u00e4\u00e4n kaunis, vaalea ja hyvin luonnollisen s\u00e4vyinen lattia ja yksi suosituimmista s\u00e4vyist\u00e4mme. Tammi Nordic muistuttaa vastah\u00f6yl\u00e4tyn tammen vaaleaa s\u00e4vy\u00e4, sill\u00e4 pintak\u00e4sittelyss\u00e4 on ripaus valkeaa, mink\u00e4 ansiosta lattia s\u00e4ilytt\u00e4\u00e4 vaaleamman ilmeen pidemp\u00e4\u00e4n.<\/p>\n<p>Lehtikuusi Nordic on luonnollinen ja vaaleans\u00e4vyinen lattia. Nordic s\u00e4vy lehtikuusella vaalentaa kevyesti lehtikuusen yleisilmett\u00e4, p\u00e4\u00e4st\u00e4en sen luonnollisen s\u00e4vyvaihtelun ja syykuvion kauniisti esiin.<\/p>\n<p>Kaikki puulajit voivat reagoida liian kuivaan sis\u00e4ilmaan. Mik\u00e4li sis\u00e4ilman suhteellinen kosteus laskee alle suositellun 35 &#8211; 60% Rh (Relative humidity), voi lattiaan tulla halkeamia. Muista siis seurata sis\u00e4ilman kosteutta varsinkin kuivina kausina, kuten mm. talvella, ja tarvittaessa lis\u00e4t\u00e4 kosteutta esim. ilmankostuttimella. Lehtikuusi puumateriaalina reagoi herkimmin kuivaan sis\u00e4ilmaan, ja siihen voi nopeammin ilmesty\u00e4 hiushalkeamia tai halkeamia. Puulle optimaalinen, 35 &#8211; 60% Rh (Relative humidity) on my\u00f6s ihmiselle optimaalisin sis\u00e4ilmankosteus.<\/p>\n","protected":false},"featured_media":33561,"template":"","meta":{"_acf_changed":false,"footnotes":""},"product_brand":[],"product_cat":[137],"product_tag":[],"class_list":{"0":"post-36229","1":"product","2":"type-product","3":"status-publish","4":"has-post-thumbnail","6":"product_cat-product-group","7":"pa_product-type-wooden-floors","9":"first","10":"instock","11":"product-type-grouped"},"acf":{"product_price":null,"show_product_options_card":true,"product_texture_image":30936,"show_design_from_finland_logo":false,"featured_image_position":{"vertical_position":60,"horizontal_position":50,"overlay_strength":1},"downloadable_materials":[{"field_606b7f3c2d557":"Product card oak Nordic","field_606b7f572d558":56538},{"field_606b7f3c2d557":"Grade Guide","field_606b7f572d558":53859},{"field_606b7f3c2d557":"Product card douglas Nordic","field_606b7f572d558":58271}]},"_links":{"self":[{"href":"https:\/\/timberwise.fi\/en\/wp-json\/wp\/v2\/product\/36229","targetHints":{"allow":["GET"]}}],"collection":[{"href":"https:\/\/timberwise.fi\/en\/wp-json\/wp\/v2\/product"}],"about":[{"href":"https:\/\/timberwise.fi\/en\/wp-json\/wp\/v2\/types\/product"}],"version-history":[{"count":5,"href":"https:\/\/timberwise.fi\/en\/wp-json\/wp\/v2\/product\/36229\/revisions"}],"predecessor-version":[{"id":58449,"href":"https:\/\/timberwise.fi\/en\/wp-json\/wp\/v2\/product\/36229\/revisions\/58449"}],"wp:featuredmedia":[{"embeddable":true,"href":"https:\/\/timberwise.fi\/en\/wp-json\/wp\/v2\/media\/33561"}],"wp:attachment":[{"href":"https:\/\/timberwise.fi\/en\/wp-json\/wp\/v2\/media?parent=36229"}],"wp:term":[{"taxonomy":"product_brand","embeddable":true,"href":"https:\/\/timberwise.fi\/en\/wp-json\/wp\/v2\/product_brand?post=36229"},{"taxonomy":"product_cat","embeddable":true,"href":"https:\/\/timberwise.fi\/en\/wp-json\/wp\/v2\/product_cat?post=36229"},{"taxonomy":"product_tag","embeddable":true,"href":"https:\/\/timberwise.fi\/en\/wp-json\/wp\/v2\/product_tag?post=36229"}],"curies":[{"name":"wp","href":"https:\/\/api.w.org\/{rel}","templated":true}]}}