{"id":36084,"date":"2021-03-17T02:17:01","date_gmt":"2021-03-17T00:17:01","guid":{"rendered":"https:\/\/timberwise.fi\/tuote\/amore-brown\/"},"modified":"2025-07-23T17:33:51","modified_gmt":"2025-07-23T14:33:51","slug":"amore-brown","status":"publish","type":"product","link":"https:\/\/timberwise.fi\/en\/product\/amore-brown\/","title":{"rendered":"Amore Brown"},"content":{"rendered":"<p><span data-offset-key=\"2osh4-0-0\">A beautiful greyish brown, which gently reflects the tone and structure of oak.<\/span><\/p>\n","protected":false},"excerpt":{"rendered":"<p>Kaikki puulajit voivat reagoida liian kuivaan sis\u00e4ilmaan. Mik\u00e4li sis\u00e4ilman suhteellinen kosteus laskee alle suositellun 35 &#8211; 60% Rh (Relative humidity), voi lattiaan tulla halkeamia. Muista siis seurata sis\u00e4ilman kosteutta varsinkin kuivina kausina, kuten mm. talvella, ja tarvittaessa lis\u00e4t\u00e4 kosteutta esim. ilmankostuttimella. Puulle optimaalinen, 35 &#8211; 60% Rh (Relative humidity) on my\u00f6s ihmiselle optimaalisin sis\u00e4ilmankosteus.<\/p>\n","protected":false},"featured_media":3612,"template":"","meta":{"_acf_changed":false,"footnotes":""},"product_brand":[],"product_cat":[137],"product_tag":[],"class_list":{"0":"post-36084","1":"product","2":"type-product","3":"status-publish","4":"has-post-thumbnail","6":"product_cat-product-group","7":"pa_product-type-wooden-floors","9":"first","10":"instock","11":"product-type-grouped"},"acf":{"product_price":null,"show_product_options_card":true,"product_texture_image":30848,"show_design_from_finland_logo":false,"featured_image_position":{"vertical_position":100,"horizontal_position":50,"overlay_strength":1},"downloadable_materials":[{"field_606b7f3c2d557":"Product card oak Amore Brown","field_606b7f572d558":56474},{"field_606b7f3c2d557":"Grades guide","field_606b7f572d558":53859}]},"_links":{"self":[{"href":"https:\/\/timberwise.fi\/en\/wp-json\/wp\/v2\/product\/36084","targetHints":{"allow":["GET"]}}],"collection":[{"href":"https:\/\/timberwise.fi\/en\/wp-json\/wp\/v2\/product"}],"about":[{"href":"https:\/\/timberwise.fi\/en\/wp-json\/wp\/v2\/types\/product"}],"version-history":[{"count":4,"href":"https:\/\/timberwise.fi\/en\/wp-json\/wp\/v2\/product\/36084\/revisions"}],"predecessor-version":[{"id":58409,"href":"https:\/\/timberwise.fi\/en\/wp-json\/wp\/v2\/product\/36084\/revisions\/58409"}],"wp:featuredmedia":[{"embeddable":true,"href":"https:\/\/timberwise.fi\/en\/wp-json\/wp\/v2\/media\/3612"}],"wp:attachment":[{"href":"https:\/\/timberwise.fi\/en\/wp-json\/wp\/v2\/media?parent=36084"}],"wp:term":[{"taxonomy":"product_brand","embeddable":true,"href":"https:\/\/timberwise.fi\/en\/wp-json\/wp\/v2\/product_brand?post=36084"},{"taxonomy":"product_cat","embeddable":true,"href":"https:\/\/timberwise.fi\/en\/wp-json\/wp\/v2\/product_cat?post=36084"},{"taxonomy":"product_tag","embeddable":true,"href":"https:\/\/timberwise.fi\/en\/wp-json\/wp\/v2\/product_tag?post=36084"}],"curies":[{"name":"wp","href":"https:\/\/api.w.org\/{rel}","templated":true}]}}