{"id":47512,"date":"2024-05-24T11:58:14","date_gmt":"2024-05-24T08:58:14","guid":{"rendered":"https:\/\/timberwise.fi\/?page_id=47512"},"modified":"2024-05-24T11:58:14","modified_gmt":"2024-05-24T08:58:14","slug":"installation-and-maintenance-instructions-for-parquet-flooring","status":"publish","type":"page","link":"https:\/\/timberwise.fi\/en\/installation-and-maintenance-instructions-for-parquet-flooring\/","title":{"rendered":"Installation and maintenance instructions for Parquet flooring"},"content":{"rendered":"<p id=\"tw-target-text\" class=\"tw-data-text tw-text-large tw-ta\" dir=\"ltr\" data-placeholder=\"K\u00e4\u00e4nn\u00f6s\" aria-label=\"K\u00e4\u00e4nnetty teksti\" data-ved=\"2ahUKEwjdqfrv56WGAxWFLRAIHQ_hC5sQ3ewLegQICxAU\"><span class=\"Y2IQFc\" lang=\"en\">On this page, we have compiled Quick Links to both the installation and care instructions for our parquet floors, which will ensure that your floor is installed correctly and in accordance with the warranty. At the same time, you keep your parquet beautiful year after year. Please also remember to read the Before installation section of our installation instructions, and pay attention to the relative humidity of the room air when you live with a wooden floor.\u00a0<\/span><\/p>\n","protected":false},"excerpt":{"rendered":"<p>On this page, we have compiled Quick Links to both the installation and care instructions for our parquet floors, which will ensure that your floor is installed correctly and in accordance with the warranty. At the same time, you keep your parquet beautiful year after year. Please also remember to read the Before installation section [&hellip;]<\/p>\n","protected":false},"author":18,"featured_media":0,"parent":0,"menu_order":0,"comment_status":"closed","ping_status":"closed","template":"","meta":{"_acf_changed":false,"footnotes":""},"class_list":["post-47512","page","type-page","status-publish","hentry"],"acf":[],"_links":{"self":[{"href":"https:\/\/timberwise.fi\/en\/wp-json\/wp\/v2\/pages\/47512","targetHints":{"allow":["GET"]}}],"collection":[{"href":"https:\/\/timberwise.fi\/en\/wp-json\/wp\/v2\/pages"}],"about":[{"href":"https:\/\/timberwise.fi\/en\/wp-json\/wp\/v2\/types\/page"}],"author":[{"embeddable":true,"href":"https:\/\/timberwise.fi\/en\/wp-json\/wp\/v2\/users\/18"}],"replies":[{"embeddable":true,"href":"https:\/\/timberwise.fi\/en\/wp-json\/wp\/v2\/comments?post=47512"}],"version-history":[{"count":4,"href":"https:\/\/timberwise.fi\/en\/wp-json\/wp\/v2\/pages\/47512\/revisions"}],"predecessor-version":[{"id":47517,"href":"https:\/\/timberwise.fi\/en\/wp-json\/wp\/v2\/pages\/47512\/revisions\/47517"}],"wp:attachment":[{"href":"https:\/\/timberwise.fi\/en\/wp-json\/wp\/v2\/media?parent=47512"}],"curies":[{"name":"wp","href":"https:\/\/api.w.org\/{rel}","templated":true}]}}